{"id":114,"date":"2023-06-12T12:10:17","date_gmt":"2023-06-12T12:10:17","guid":{"rendered":"https:\/\/kunstkartei.at\/?page_id=114"},"modified":"2023-06-12T12:51:27","modified_gmt":"2023-06-12T12:51:27","slug":"impressum","status":"publish","type":"page","link":"https:\/\/kunstkartei.at\/?page_id=114","title":{"rendered":"IMPRESSUM"},"content":{"rendered":"\n<p><strong>Impressum<\/strong><\/p>\n\n\n\n<p><br>Informationen und Offenlegung gem\u00e4\u00df \u00a75 (1) ECG, \u00a7 25 MedienG, \u00a7 63 GewO und \u00a7 14 UGB<\/p>\n\n\n\n<p><strong>Webseitenbetreiber:<\/strong> Philipp M\u00fcller                                                             <strong>Anschrift:<\/strong> Penzinger Stra\u00dfe 73\/6, 1140 Wien                                                      <strong>UID-Nr:<\/strong> ATU75152148                                                                           <strong>Kontaktdaten: Telefon:<\/strong> +436803193021 <strong>Email:<\/strong> office@fairartpop.at<\/p>\n\n\n\n<p class=\"has-link-color wp-elements-06eb10d609061091c71d1a1c80e68822\"><br>Anwendbare Rechtsvorschrift: <a href=\"http:\/\/www.ris.bka.gv.at\" target=\"_blank\" rel=\"noreferrer noopener\">www.ris.bka.gv.at<\/a><\/p>\n\n\n\n<p><br><strong>Berufsbezeichnung:<\/strong> K\u00fcnstler<\/p>\n\n\n\n<p class=\"has-link-color wp-elements-a3d24df474428c4e24ea61f637f65638\"><br><strong>Online Streitbeilegung:<\/strong> Verbraucher, welche in \u00d6sterreich oder in einem sonstigen Vertragsstaat der ODR-VO niedergelassen sind, haben die M\u00f6glichkeit Probleme bez\u00fcglich dem entgeltlichen Kauf von Waren oder Dienstleistungen im Rahmen einer Online-Streitbeilegung (nach OS, AStG) zu l\u00f6sen. Die Europ\u00e4ische Kommission stellt eine Plattform hierf\u00fcr bereit: <a href=\"https:\/\/ec.europa.eu\/consumers\/odr\" target=\"_blank\" rel=\"noreferrer noopener\">https:\/\/ec.europa.eu\/consumers\/odr<\/a><\/p>\n\n\n\n<p class=\"has-link-color wp-elements-570e80168e5d8d85012fd601fb85d0c3\"><br><strong>Urheberrecht:<\/strong> Die Inhalte dieser Webseite unterliegen, soweit dies rechtlich m\u00f6glich ist, diversen Schutzrechten (z.B dem Urheberrecht). Jegliche Verwendung\/Verbreitung von bereitgestelltem Material, welche urheberrechtlich untersagt ist, bedarf schriftlicher Zustimmung des Webseitenbetreibers.<br>Quelle: <a href=\"https:\/\/fairesrecht.at\/anwalt\/ort\/Wien\/1\" target=\"_blank\" rel=\"noreferrer noopener\">Rechtsanwalt finden Wien<\/a> in Kooperation mit <a href=\"https:\/\/fairesspiel.at\/\" target=\"_blank\" rel=\"noreferrer noopener\">Geld zur\u00fcck Online Casino<\/a><\/p>\n","protected":false},"excerpt":{"rendered":"<p>Impressum Informationen und Offenlegung gem\u00e4\u00df \u00a75 (1) ECG, \u00a7 25 MedienG, \u00a7 63 GewO und \u00a7 14 UGB Webseitenbetreiber: Philipp M\u00fcller Anschrift: Penzinger Stra\u00dfe 73\/6, 1140 Wien UID-Nr: ATU75152148 Kontaktdaten: Telefon: +436803193021 Email: office@fairartpop.at Anwendbare Rechtsvorschrift: www.ris.bka.gv.at Berufsbezeichnung: K\u00fcnstler Online Streitbeilegung: Verbraucher, welche in \u00d6sterreich oder in einem sonstigen Vertragsstaat der ODR-VO niedergelassen sind, haben [&hellip;]<\/p>\n","protected":false},"author":1,"featured_media":0,"parent":0,"menu_order":0,"comment_status":"closed","ping_status":"closed","template":"","meta":{"slim_seo":{"title":"IMPRESSUM - Kunstkartei","description":"Impressum Informationen und Offenlegung gem\u00e4\u00df \u00a75 (1) ECG, \u00a7 25 MedienG, \u00a7 63 GewO und \u00a7 14 UGB Webseitenbetreiber: Philipp M\u00fcller Anschrift: Penzinger Stra\u00dfe 73"},"footnotes":""},"class_list":["post-114","page","type-page","status-publish","hentry"],"_links":{"self":[{"href":"https:\/\/kunstkartei.at\/index.php?rest_route=\/wp\/v2\/pages\/114","targetHints":{"allow":["GET"]}}],"collection":[{"href":"https:\/\/kunstkartei.at\/index.php?rest_route=\/wp\/v2\/pages"}],"about":[{"href":"https:\/\/kunstkartei.at\/index.php?rest_route=\/wp\/v2\/types\/page"}],"author":[{"embeddable":true,"href":"https:\/\/kunstkartei.at\/index.php?rest_route=\/wp\/v2\/users\/1"}],"replies":[{"embeddable":true,"href":"https:\/\/kunstkartei.at\/index.php?rest_route=%2Fwp%2Fv2%2Fcomments&post=114"}],"version-history":[{"count":2,"href":"https:\/\/kunstkartei.at\/index.php?rest_route=\/wp\/v2\/pages\/114\/revisions"}],"predecessor-version":[{"id":128,"href":"https:\/\/kunstkartei.at\/index.php?rest_route=\/wp\/v2\/pages\/114\/revisions\/128"}],"wp:attachment":[{"href":"https:\/\/kunstkartei.at\/index.php?rest_route=%2Fwp%2Fv2%2Fmedia&parent=114"}],"curies":[{"name":"wp","href":"https:\/\/api.w.org\/{rel}","templated":true}]}}