{"id":408,"date":"2024-04-11T14:04:36","date_gmt":"2024-04-11T14:04:36","guid":{"rendered":"https:\/\/kunstkartei.at\/?page_id=408"},"modified":"2025-06-29T15:16:34","modified_gmt":"2025-06-29T15:16:34","slug":"2023-2","status":"publish","type":"page","link":"https:\/\/kunstkartei.at\/?page_id=408","title":{"rendered":"2023"},"content":{"rendered":"\n<div class=\"wp-block-group is-layout-constrained wp-block-group-is-layout-constrained\">\n<h5 class=\"wp-block-heading has-text-align-center\">2023<\/h5>\n\n\n\n<p>Das Jahr war nicht nur gepr\u00e4gt durch intensive Proben f\u00fcr die Vocal Solo Performance, eingebettet in Live Tracks und umrahmt mit Audio Reactive Visuals f\u00fcr <em>WeinHara<\/em> &#8211; die Premiere war dann im September -, sondern auch der Arbeit an der Bilderserie &#8222;WeinHara &#8211; 2791972&#8220; gewidmet.<\/p>\n\n\n\n<hr class=\"wp-block-separator has-alpha-channel-opacity is-style-wide\"\/>\n<\/div>\n\n\n\n<div style=\"height:25px\" aria-hidden=\"true\" class=\"wp-block-spacer\"><\/div>\n\n\n\n<div class=\"wp-block-group is-layout-constrained wp-block-group-is-layout-constrained\">\n<h5 class=\"wp-block-heading has-text-align-center has-x-large-font-size\" style=\"padding-top:0\"><strong>WeinHara \u2013 2791972<\/strong><\/h5>\n\n\n\n<h5 class=\"wp-block-heading has-text-align-center has-medium-font-size\" style=\"margin-top:0;margin-bottom:0\">Eine 9-teilige Serie<\/h5>\n\n\n\n<p class=\"has-text-align-center has-small-font-size\" style=\"margin-top:var(--wp--preset--spacing--30);margin-bottom:var(--wp--preset--spacing--70)\">F\u00fcr mehr Info siehe Text ganz unten.<\/p>\n\n\n\n<figure class=\"wp-block-image size-full is-style-default\"><img loading=\"lazy\" decoding=\"async\" width=\"709\" height=\"709\" src=\"https:\/\/kunstkartei.at\/wp-content\/uploads\/2023\/12\/HACK.jpg\" alt=\"Hack! Bild\" class=\"wp-image-356\" srcset=\"https:\/\/kunstkartei.at\/wp-content\/uploads\/2023\/12\/HACK.jpg 709w, https:\/\/kunstkartei.at\/wp-content\/uploads\/2023\/12\/HACK-300x300.jpg 300w, https:\/\/kunstkartei.at\/wp-content\/uploads\/2023\/12\/HACK-150x150.jpg 150w\" sizes=\"auto, (max-width: 709px) 100vw, 709px\" \/><\/figure>\n\n\n\n<div style=\"height:25px\" aria-hidden=\"true\" class=\"wp-block-spacer\"><\/div>\n<\/div>\n\n\n\n<div class=\"wp-block-group is-layout-constrained wp-block-group-is-layout-constrained\">\n<figure class=\"wp-block-image size-full is-style-default\"><img loading=\"lazy\" decoding=\"async\" width=\"709\" height=\"709\" src=\"https:\/\/kunstkartei.at\/wp-content\/uploads\/2023\/12\/GUT_JAGT_BOeSE.jpg\" alt=\"Weinhara Gut Jagt B\u00d6se Bild\" class=\"wp-image-357\" srcset=\"https:\/\/kunstkartei.at\/wp-content\/uploads\/2023\/12\/GUT_JAGT_BOeSE.jpg 709w, https:\/\/kunstkartei.at\/wp-content\/uploads\/2023\/12\/GUT_JAGT_BOeSE-300x300.jpg 300w, https:\/\/kunstkartei.at\/wp-content\/uploads\/2023\/12\/GUT_JAGT_BOeSE-150x150.jpg 150w\" sizes=\"auto, (max-width: 709px) 100vw, 709px\" \/><\/figure>\n\n\n\n<div style=\"height:25px\" aria-hidden=\"true\" class=\"wp-block-spacer\"><\/div>\n<\/div>\n\n\n\n<div class=\"wp-block-group is-layout-constrained wp-block-group-is-layout-constrained\">\n<figure class=\"wp-block-image size-full is-style-default\"><img loading=\"lazy\" decoding=\"async\" width=\"709\" height=\"709\" src=\"https:\/\/kunstkartei.at\/wp-content\/uploads\/2023\/12\/HOMMAGE_AN_BARTLEBY.jpg\" alt=\"Weinhara Hommage An Bartleby Bild\" class=\"wp-image-358\" srcset=\"https:\/\/kunstkartei.at\/wp-content\/uploads\/2023\/12\/HOMMAGE_AN_BARTLEBY.jpg 709w, https:\/\/kunstkartei.at\/wp-content\/uploads\/2023\/12\/HOMMAGE_AN_BARTLEBY-300x300.jpg 300w, https:\/\/kunstkartei.at\/wp-content\/uploads\/2023\/12\/HOMMAGE_AN_BARTLEBY-150x150.jpg 150w\" sizes=\"auto, (max-width: 709px) 100vw, 709px\" \/><\/figure>\n\n\n\n<div style=\"height:25px\" aria-hidden=\"true\" class=\"wp-block-spacer\"><\/div>\n<\/div>\n\n\n\n<div class=\"wp-block-group is-layout-constrained wp-block-group-is-layout-constrained\">\n<figure class=\"wp-block-image size-full is-style-default\"><img loading=\"lazy\" decoding=\"async\" width=\"709\" height=\"709\" src=\"https:\/\/kunstkartei.at\/wp-content\/uploads\/2023\/12\/LORRE.jpg\" alt=\"Lorre Bild\" class=\"wp-image-359\" srcset=\"https:\/\/kunstkartei.at\/wp-content\/uploads\/2023\/12\/LORRE.jpg 709w, https:\/\/kunstkartei.at\/wp-content\/uploads\/2023\/12\/LORRE-300x300.jpg 300w, https:\/\/kunstkartei.at\/wp-content\/uploads\/2023\/12\/LORRE-150x150.jpg 150w\" sizes=\"auto, (max-width: 709px) 100vw, 709px\" \/><\/figure>\n\n\n\n<div style=\"height:25px\" aria-hidden=\"true\" class=\"wp-block-spacer\"><\/div>\n<\/div>\n\n\n\n<div class=\"wp-block-group is-layout-constrained wp-block-group-is-layout-constrained\">\n<figure class=\"wp-block-image size-full is-style-default\"><img loading=\"lazy\" decoding=\"async\" width=\"709\" height=\"709\" src=\"https:\/\/kunstkartei.at\/wp-content\/uploads\/2023\/12\/LOeSCHT_DAS_FEUER.jpg\" alt=\"Weinhara L\u00d6scht Das Feuer! Bild Demo\" class=\"wp-image-360\" srcset=\"https:\/\/kunstkartei.at\/wp-content\/uploads\/2023\/12\/LOeSCHT_DAS_FEUER.jpg 709w, https:\/\/kunstkartei.at\/wp-content\/uploads\/2023\/12\/LOeSCHT_DAS_FEUER-300x300.jpg 300w, https:\/\/kunstkartei.at\/wp-content\/uploads\/2023\/12\/LOeSCHT_DAS_FEUER-150x150.jpg 150w\" sizes=\"auto, (max-width: 709px) 100vw, 709px\" \/><\/figure>\n\n\n\n<div style=\"height:25px\" aria-hidden=\"true\" class=\"wp-block-spacer\"><\/div>\n<\/div>\n\n\n\n<div class=\"wp-block-group is-layout-constrained wp-block-group-is-layout-constrained\">\n<figure class=\"wp-block-image size-full is-style-default\"><img loading=\"lazy\" decoding=\"async\" width=\"709\" height=\"709\" src=\"https:\/\/kunstkartei.at\/wp-content\/uploads\/2023\/12\/U-BAHN-FRUeH-STUeCK.jpg\" alt=\"Weinhara U Bahn Fr\u00dch St\u00dcck Bild\" class=\"wp-image-361\" srcset=\"https:\/\/kunstkartei.at\/wp-content\/uploads\/2023\/12\/U-BAHN-FRUeH-STUeCK.jpg 709w, https:\/\/kunstkartei.at\/wp-content\/uploads\/2023\/12\/U-BAHN-FRUeH-STUeCK-300x300.jpg 300w, https:\/\/kunstkartei.at\/wp-content\/uploads\/2023\/12\/U-BAHN-FRUeH-STUeCK-150x150.jpg 150w\" sizes=\"auto, (max-width: 709px) 100vw, 709px\" \/><\/figure>\n\n\n\n<div style=\"height:25px\" aria-hidden=\"true\" class=\"wp-block-spacer\"><\/div>\n<\/div>\n\n\n\n<div class=\"wp-block-group is-layout-constrained wp-block-group-is-layout-constrained\">\n<figure class=\"wp-block-image size-full is-style-default\"><img loading=\"lazy\" decoding=\"async\" width=\"709\" height=\"709\" src=\"https:\/\/kunstkartei.at\/wp-content\/uploads\/2023\/12\/WITHIN.jpg\" alt=\"Weinhara Within Bild\" class=\"wp-image-362\" srcset=\"https:\/\/kunstkartei.at\/wp-content\/uploads\/2023\/12\/WITHIN.jpg 709w, https:\/\/kunstkartei.at\/wp-content\/uploads\/2023\/12\/WITHIN-300x300.jpg 300w, https:\/\/kunstkartei.at\/wp-content\/uploads\/2023\/12\/WITHIN-150x150.jpg 150w\" sizes=\"auto, (max-width: 709px) 100vw, 709px\" \/><\/figure>\n\n\n\n<div style=\"height:25px\" aria-hidden=\"true\" class=\"wp-block-spacer\"><\/div>\n<\/div>\n\n\n\n<div class=\"wp-block-group is-layout-constrained wp-block-group-is-layout-constrained\">\n<figure class=\"wp-block-image size-full is-style-default\"><img loading=\"lazy\" decoding=\"async\" width=\"709\" height=\"709\" src=\"https:\/\/kunstkartei.at\/wp-content\/uploads\/2023\/12\/EUTOPIA.jpg\" alt=\"Eutopia Bild\" class=\"wp-image-363\" srcset=\"https:\/\/kunstkartei.at\/wp-content\/uploads\/2023\/12\/EUTOPIA.jpg 709w, https:\/\/kunstkartei.at\/wp-content\/uploads\/2023\/12\/EUTOPIA-300x300.jpg 300w, https:\/\/kunstkartei.at\/wp-content\/uploads\/2023\/12\/EUTOPIA-150x150.jpg 150w\" sizes=\"auto, (max-width: 709px) 100vw, 709px\" \/><\/figure>\n\n\n\n<div style=\"height:25px\" aria-hidden=\"true\" class=\"wp-block-spacer\"><\/div>\n<\/div>\n\n\n\n<div class=\"wp-block-group is-layout-constrained wp-block-group-is-layout-constrained\">\n<figure class=\"wp-block-image size-full is-style-default\"><img loading=\"lazy\" decoding=\"async\" width=\"709\" height=\"709\" src=\"https:\/\/kunstkartei.at\/wp-content\/uploads\/2023\/12\/BEDIENE_DIE_MASCHINE.jpg\" alt=\"Bediene Die Maschine Bild Demo\" class=\"wp-image-364\" srcset=\"https:\/\/kunstkartei.at\/wp-content\/uploads\/2023\/12\/BEDIENE_DIE_MASCHINE.jpg 709w, https:\/\/kunstkartei.at\/wp-content\/uploads\/2023\/12\/BEDIENE_DIE_MASCHINE-300x300.jpg 300w, https:\/\/kunstkartei.at\/wp-content\/uploads\/2023\/12\/BEDIENE_DIE_MASCHINE-150x150.jpg 150w\" sizes=\"auto, (max-width: 709px) 100vw, 709px\" \/><\/figure>\n\n\n\n<p class=\"has-small-font-size\" style=\"margin-right:0\">Digital-Collage, Faserstift<\/p>\n\n\n\n<p class=\"has-small-font-size\" style=\"margin-top:0\"><strong>Als Leinwanddruck: 25 x 25 cm, 300 dpi (nummeriert &amp; signiert)<\/strong><\/p>\n\n\n\n<p class=\"has-small-font-size\" style=\"margin-top:0;margin-bottom:0\"><strong>Preis f\u00fcr 1 Bild: \u20ac 140,-<\/strong><\/p>\n\n\n\n<p class=\"has-small-font-size\" style=\"margin-top:0;margin-bottom:0\"><strong>Ab 3 Bilder:  je \u20ac 110,-<\/strong><\/p>\n\n\n\n<p class=\"has-small-font-size\" style=\"margin-top:0;margin-bottom:0\"><strong>Ab 6 Bilder:  je \u20ac 90,-<\/strong><\/p>\n\n\n\n<p class=\"has-small-font-size\" style=\"margin-top:0;margin-bottom:0\"><strong>Alle 9 Bilder: \u20ac 765,- (je \u20ac 85,-)<\/strong><\/p>\n\n\n\n<p style=\"margin-top:var(--wp--preset--spacing--50);margin-bottom:var(--wp--preset--spacing--50);line-height:1.5\"><strong>Alle 9 Bilder als Poster, 80 x 80 cm: \u20ac 120,-<\/strong><br>(Das Poster ist nicht nummeriert, die Signatur gedruckt)<\/p>\n\n\n\n<p class=\"has-small-font-size\" style=\"margin-top:0;margin-bottom:0\"><strong>Preise exkl. Verpackung und Transportkosten, Selbstabholung m\u00f6glich, in Wien liefere ich f\u00fcr einen Aufpreis von \u20ac 5,- gerne selbst.<\/strong><\/p>\n\n\n\n<p class=\"has-small-font-size\" style=\"margin-top:0;margin-right:0;margin-bottom:0;margin-left:0\">Alle Preise ohne USt. laut Kleinu.reg. (\u00a76Abs1Z27UStG)<\/p>\n\n\n\n<p class=\"has-small-font-size\" style=\"margin-top:0;margin-right:0;margin-bottom:0;margin-left:0\"><strong>Kontakt:<\/strong> office@kunstkartei.at<\/p>\n\n\n\n<p class=\"has-background-color has-text-color has-link-color wp-elements-5896c05fd3be12be5f924c21870fe677\">Die 9-teilige Serie \u201eWeinHara \u2013 2791972\u201c basiert auf den Songtexten<br>des Albums \u201e2791972\u201c von <em>WeinHara<\/em>. Diese dienten als Prompt und<br>das <a href=\"https:\/\/kunstkartei.at\/?page_id=173\">Cover des Albums<\/a> als visuelle Grundlage zur Generierung von Bildern <br>mittels einer KI. Diverse Einstellungsm\u00f6glichkeiten und eine Seed-<br>Zahl kamen zur Anwendung. Nach der Auswahl der spannendsten<br>bildlichen Darstellungen in Bezug zu den Texten wurden diese in<br>einer Grafik-App weiter bearbeitet und collagiert. Die Textteile, die<br>kein ansprechendes Bildmaterial durch die KI ergaben, wurden<br>handschriftlich in das entsprechende Bild integriert. Hier auch noch ein Link zur Musik des Albums &#8222;<a href=\"https:\/\/tr.ee\/W4Djy4NqHx\" target=\"_blank\" rel=\"noreferrer noopener\">2791972<\/a>&#8220; von <em>WeinHara<\/em>.<\/p>\n\n\n\n<hr class=\"wp-block-separator has-alpha-channel-opacity is-style-dots\"\/>\n\n\n\n<div style=\"height:25px\" aria-hidden=\"true\" class=\"wp-block-spacer\"><\/div>\n<\/div>\n\n\n\n<div class=\"wp-block-buttons is-content-justification-center is-layout-flex wp-container-core-buttons-is-layout-a89b3969 wp-block-buttons-is-layout-flex\">\n<div class=\"wp-block-button is-style-outline is-style-outline--1\"><a class=\"wp-block-button__link has-luminous-vivid-amber-color has-text-color has-link-color wp-element-button\" href=\"https:\/\/kunstkartei.at\/?page_id=173\">2020 &#8211; 2022<\/a><\/div>\n<\/div>\n","protected":false},"excerpt":{"rendered":"<p>2023 Das Jahr war nicht nur gepr\u00e4gt durch intensive Proben f\u00fcr die Vocal Solo Performance, eingebettet in Live Tracks und umrahmt mit Audio Reactive Visuals f\u00fcr WeinHara &#8211; die Premiere war dann im September -, sondern auch der Arbeit an der Bilderserie &#8222;WeinHara &#8211; 2791972&#8220; gewidmet. WeinHara \u2013 2791972 Eine 9-teilige Serie F\u00fcr mehr Info [&hellip;]<\/p>\n","protected":false},"author":1,"featured_media":0,"parent":0,"menu_order":0,"comment_status":"closed","ping_status":"closed","template":"","meta":{"slim_seo":{"title":"2023","description":"Hier sind Arbeiten des K\u00fcnstlers Philipp M\u00fcller zu sehen die 2023 entstanden sind."},"footnotes":""},"class_list":["post-408","page","type-page","status-publish","hentry"],"_links":{"self":[{"href":"https:\/\/kunstkartei.at\/index.php?rest_route=\/wp\/v2\/pages\/408","targetHints":{"allow":["GET"]}}],"collection":[{"href":"https:\/\/kunstkartei.at\/index.php?rest_route=\/wp\/v2\/pages"}],"about":[{"href":"https:\/\/kunstkartei.at\/index.php?rest_route=\/wp\/v2\/types\/page"}],"author":[{"embeddable":true,"href":"https:\/\/kunstkartei.at\/index.php?rest_route=\/wp\/v2\/users\/1"}],"replies":[{"embeddable":true,"href":"https:\/\/kunstkartei.at\/index.php?rest_route=%2Fwp%2Fv2%2Fcomments&post=408"}],"version-history":[{"count":14,"href":"https:\/\/kunstkartei.at\/index.php?rest_route=\/wp\/v2\/pages\/408\/revisions"}],"predecessor-version":[{"id":676,"href":"https:\/\/kunstkartei.at\/index.php?rest_route=\/wp\/v2\/pages\/408\/revisions\/676"}],"wp:attachment":[{"href":"https:\/\/kunstkartei.at\/index.php?rest_route=%2Fwp%2Fv2%2Fmedia&parent=408"}],"curies":[{"name":"wp","href":"https:\/\/api.w.org\/{rel}","templated":true}]}}