{"id":587,"date":"2025-01-11T09:40:37","date_gmt":"2025-01-11T09:40:37","guid":{"rendered":"https:\/\/kunstkartei.at\/?page_id=587"},"modified":"2025-06-29T16:25:08","modified_gmt":"2025-06-29T16:25:08","slug":"2024-2","status":"publish","type":"page","link":"https:\/\/kunstkartei.at\/?page_id=587","title":{"rendered":"2024"},"content":{"rendered":"\n<div class=\"wp-block-group is-layout-constrained wp-block-group-is-layout-constrained\">\n<h5 class=\"wp-block-heading has-text-align-center\">2024<\/h5>\n\n\n\n<p>In diesem Jahr wurde die Ausstellungsaktivit\u00e4t gesteigert. Inklusive eines Konzertes von <em>WeinHara<\/em> und der ersten Soloausstellung seit langer Zeit gab es in Summe 15 Veranstaltungstage.<\/p>\n\n\n\n<hr class=\"wp-block-separator has-alpha-channel-opacity is-style-wide\"\/>\n<\/div>\n\n\n\n<div class=\"wp-block-group is-layout-constrained wp-block-group-is-layout-constrained\">\n<div class=\"wp-block-group is-layout-constrained wp-block-group-is-layout-constrained\">\n<figure class=\"wp-block-image aligncenter size-full is-resized has-custom-border\"><img loading=\"lazy\" decoding=\"async\" width=\"596\" height=\"842\" src=\"https:\/\/kunstkartei.at\/wp-content\/uploads\/2023\/06\/PHILIPP_MULLER_AUSTELLUNG_-_E-MAIL_FLYER_A4.jpg\" alt=\"Austellung Plakat A2\" class=\"has-border-color wp-image-574\" style=\"border-color:#535353;border-width:1px;width:400px\" srcset=\"https:\/\/kunstkartei.at\/wp-content\/uploads\/2023\/06\/PHILIPP_MULLER_AUSTELLUNG_-_E-MAIL_FLYER_A4.jpg 596w, https:\/\/kunstkartei.at\/wp-content\/uploads\/2023\/06\/PHILIPP_MULLER_AUSTELLUNG_-_E-MAIL_FLYER_A4-212x300.jpg 212w\" sizes=\"auto, (max-width: 596px) 100vw, 596px\" \/><\/figure>\n\n\n\n<p>Philipp M\u00fcller zeigte Arbeiten aus den letzten f\u00fcnf Jahren. Aber auch Aktzeichnungen aus dem Jahr 2002 sind zu sehen, die eine Verbindung zu Udo Hohenberger, dem Betreiber des <em>Showroom 51<\/em> bilden, der vor allem f\u00fcr seine abstrakte Aktmalerei bekannt ist. Die neuen Arbeiten von M\u00fcller stehen in Verbindung mit seinem Musikprojekt <em>WeinHara<\/em> und reichen von Malerei \u00fcber Zeichnung und Grafik Design bis zur Digitalcollage inkl. dem Einsatz von generativer KI. Da <em>WeinHara<\/em> f\u00fcr M\u00fcllers aktueller bildnerischer Arbeit wesentlich ist, gab es auch die Musik und die entsprechenden Videoarbeiten zu entdecken. Zur Vernissage f\u00fchrte Dr. Ren\u00e9e Gadsden in den Abend ein.<\/p>\n\n\n\n<hr class=\"wp-block-separator has-alpha-channel-opacity is-style-dots\"\/>\n\n\n\n<div style=\"height:25px\" aria-hidden=\"true\" class=\"wp-block-spacer\"><\/div>\n<\/div>\n<\/div>\n\n\n\n<div class=\"wp-block-group is-layout-constrained wp-block-group-is-layout-constrained\">\n<div class=\"wp-block-group is-layout-constrained wp-block-group-is-layout-constrained\">\n<figure class=\"wp-block-image aligncenter size-full is-resized\"><img loading=\"lazy\" decoding=\"async\" width=\"1080\" height=\"1080\" src=\"https:\/\/kunstkartei.at\/wp-content\/uploads\/2023\/06\/KVH_AUSSTELLUNG_WEBFLYER_2024.jpg\" alt=\"Kvh Ausstellung Webflyer 2024\" class=\"wp-image-552\" style=\"width:400px\" srcset=\"https:\/\/kunstkartei.at\/wp-content\/uploads\/2023\/06\/KVH_AUSSTELLUNG_WEBFLYER_2024.jpg 1080w, https:\/\/kunstkartei.at\/wp-content\/uploads\/2023\/06\/KVH_AUSSTELLUNG_WEBFLYER_2024-300x300.jpg 300w, https:\/\/kunstkartei.at\/wp-content\/uploads\/2023\/06\/KVH_AUSSTELLUNG_WEBFLYER_2024-1024x1024.jpg 1024w, https:\/\/kunstkartei.at\/wp-content\/uploads\/2023\/06\/KVH_AUSSTELLUNG_WEBFLYER_2024-150x150.jpg 150w, https:\/\/kunstkartei.at\/wp-content\/uploads\/2023\/06\/KVH_AUSSTELLUNG_WEBFLYER_2024-768x768.jpg 768w\" sizes=\"auto, (max-width: 1080px) 100vw, 1080px\" \/><\/figure>\n\n\n\n<hr class=\"wp-block-separator has-alpha-channel-opacity is-style-dots\"\/>\n\n\n\n<div style=\"height:25px\" aria-hidden=\"true\" class=\"wp-block-spacer\"><\/div>\n<\/div>\n<\/div>\n\n\n\n<div class=\"wp-block-group is-layout-constrained wp-block-group-is-layout-constrained\">\n<figure class=\"wp-block-image size-full has-custom-border is-style-default\"><img loading=\"lazy\" decoding=\"async\" width=\"2552\" height=\"851\" src=\"https:\/\/kunstkartei.at\/wp-content\/uploads\/2023\/06\/WEINHARA_-_BOOBY-TRAPPED_ZAUBERSCHLOSS_-_BILD.jpg\" alt=\"Weinhara Booby Trapped Zauberschloss Bild\" class=\"has-border-color wp-image-492\" style=\"border-color:#535353;border-width:1px\" srcset=\"https:\/\/kunstkartei.at\/wp-content\/uploads\/2023\/06\/WEINHARA_-_BOOBY-TRAPPED_ZAUBERSCHLOSS_-_BILD.jpg 2552w, https:\/\/kunstkartei.at\/wp-content\/uploads\/2023\/06\/WEINHARA_-_BOOBY-TRAPPED_ZAUBERSCHLOSS_-_BILD-300x100.jpg 300w, https:\/\/kunstkartei.at\/wp-content\/uploads\/2023\/06\/WEINHARA_-_BOOBY-TRAPPED_ZAUBERSCHLOSS_-_BILD-1024x341.jpg 1024w, https:\/\/kunstkartei.at\/wp-content\/uploads\/2023\/06\/WEINHARA_-_BOOBY-TRAPPED_ZAUBERSCHLOSS_-_BILD-768x256.jpg 768w, https:\/\/kunstkartei.at\/wp-content\/uploads\/2023\/06\/WEINHARA_-_BOOBY-TRAPPED_ZAUBERSCHLOSS_-_BILD-1536x512.jpg 1536w, https:\/\/kunstkartei.at\/wp-content\/uploads\/2023\/06\/WEINHARA_-_BOOBY-TRAPPED_ZAUBERSCHLOSS_-_BILD-2048x683.jpg 2048w\" sizes=\"auto, (max-width: 2552px) 100vw, 2552px\" \/><\/figure>\n\n\n\n<figure class=\"wp-block-image size-full has-custom-border\"><img loading=\"lazy\" decoding=\"async\" width=\"852\" height=\"851\" src=\"https:\/\/kunstkartei.at\/wp-content\/uploads\/2023\/06\/WEINHARA_-_BOOBY-TRAPPED_ZAUBERSCHLOSS_-_BILD_TEIL_1.jpg\" alt=\"Weinhara Booby Trapped Zauberschloss Bild Teil 1\" class=\"has-border-color wp-image-500\" style=\"border-color:#535353;border-width:1px\" srcset=\"https:\/\/kunstkartei.at\/wp-content\/uploads\/2023\/06\/WEINHARA_-_BOOBY-TRAPPED_ZAUBERSCHLOSS_-_BILD_TEIL_1.jpg 852w, https:\/\/kunstkartei.at\/wp-content\/uploads\/2023\/06\/WEINHARA_-_BOOBY-TRAPPED_ZAUBERSCHLOSS_-_BILD_TEIL_1-300x300.jpg 300w, https:\/\/kunstkartei.at\/wp-content\/uploads\/2023\/06\/WEINHARA_-_BOOBY-TRAPPED_ZAUBERSCHLOSS_-_BILD_TEIL_1-150x150.jpg 150w, https:\/\/kunstkartei.at\/wp-content\/uploads\/2023\/06\/WEINHARA_-_BOOBY-TRAPPED_ZAUBERSCHLOSS_-_BILD_TEIL_1-768x767.jpg 768w\" sizes=\"auto, (max-width: 852px) 100vw, 852px\" \/><\/figure>\n\n\n\n<figure class=\"wp-block-image size-full has-custom-border\"><img loading=\"lazy\" decoding=\"async\" width=\"852\" height=\"851\" src=\"https:\/\/kunstkartei.at\/wp-content\/uploads\/2023\/06\/WEINHARA_-_BOOBY-TRAPPED_ZAUBERSCHLOSS_-_BILD_TEIL_2.jpg\" alt=\"Weinhara Booby Trapped Zauberschloss Bild Teil 2\" class=\"has-border-color wp-image-501\" style=\"border-color:#535353;border-width:1px\" srcset=\"https:\/\/kunstkartei.at\/wp-content\/uploads\/2023\/06\/WEINHARA_-_BOOBY-TRAPPED_ZAUBERSCHLOSS_-_BILD_TEIL_2.jpg 852w, https:\/\/kunstkartei.at\/wp-content\/uploads\/2023\/06\/WEINHARA_-_BOOBY-TRAPPED_ZAUBERSCHLOSS_-_BILD_TEIL_2-300x300.jpg 300w, https:\/\/kunstkartei.at\/wp-content\/uploads\/2023\/06\/WEINHARA_-_BOOBY-TRAPPED_ZAUBERSCHLOSS_-_BILD_TEIL_2-150x150.jpg 150w, https:\/\/kunstkartei.at\/wp-content\/uploads\/2023\/06\/WEINHARA_-_BOOBY-TRAPPED_ZAUBERSCHLOSS_-_BILD_TEIL_2-768x767.jpg 768w\" sizes=\"auto, (max-width: 852px) 100vw, 852px\" \/><\/figure>\n\n\n\n<figure class=\"wp-block-image size-full has-custom-border\"><img loading=\"lazy\" decoding=\"async\" width=\"852\" height=\"851\" src=\"https:\/\/kunstkartei.at\/wp-content\/uploads\/2023\/06\/WEINHARA_-_BOOBY-TRAPPED_ZAUBERSCHLOSS_-_BILD_TEIL_3.jpg\" alt=\"Weinhara Booby Trapped Zauberschloss Bild Teil 3\" class=\"has-border-color wp-image-502\" style=\"border-color:#535353;border-width:1px\" srcset=\"https:\/\/kunstkartei.at\/wp-content\/uploads\/2023\/06\/WEINHARA_-_BOOBY-TRAPPED_ZAUBERSCHLOSS_-_BILD_TEIL_3.jpg 852w, https:\/\/kunstkartei.at\/wp-content\/uploads\/2023\/06\/WEINHARA_-_BOOBY-TRAPPED_ZAUBERSCHLOSS_-_BILD_TEIL_3-300x300.jpg 300w, https:\/\/kunstkartei.at\/wp-content\/uploads\/2023\/06\/WEINHARA_-_BOOBY-TRAPPED_ZAUBERSCHLOSS_-_BILD_TEIL_3-150x150.jpg 150w, https:\/\/kunstkartei.at\/wp-content\/uploads\/2023\/06\/WEINHARA_-_BOOBY-TRAPPED_ZAUBERSCHLOSS_-_BILD_TEIL_3-768x767.jpg 768w\" sizes=\"auto, (max-width: 852px) 100vw, 852px\" \/><\/figure>\n\n\n\n<p><strong>WeinHara &#8211; Booby-Trapped Zauberschloss &#8211; 17.07.2024<\/strong><\/p>\n\n\n\n<p class=\"has-small-font-size\" style=\"margin-right:0\">Digital-Collage, Digital-Grafik, Faserstift, 2552 x 851px, 72 dpi<\/p>\n\n\n\n<p class=\"has-small-font-size\" style=\"margin-top:0\"><strong>Als Leinwanddruck: 90 x 30 cm, 300 dpi (nummeriert &amp; signiert)<\/strong><\/p>\n\n\n\n<p class=\"has-small-font-size\" style=\"margin-top:0;margin-bottom:0\"><strong>Preis: \u20ac 200,- (exkl. Verpackung und Transportkosten)<\/strong><\/p>\n\n\n\n<p class=\"has-small-font-size\" style=\"margin-top:var(--wp--preset--spacing--30);margin-bottom:var(--wp--preset--spacing--30)\"><strong>Poster nur in Kombination mit \u201eWeinHara \u2013 Baby Elephant Cluedo\u201c &amp; \u201eWeinHara \u2013 2791972\u201c, 140 x 120 cm: \u20ac 160,-<\/strong><br>(Das Poster ist nicht nummeriert, die Signatur gedruckt)<\/p>\n\n\n\n<p class=\"has-small-font-size\" style=\"margin-top:0;margin-bottom:0\"><strong>Preise exkl. Verpackung und Transportkosten, Selbstabholung m\u00f6glich, in Wien liefere ich f\u00fcr einen Aufpreis von \u20ac 5,- gerne selbst.<\/strong><\/p>\n\n\n\n<p class=\"has-small-font-size\" style=\"margin-top:0;margin-right:0;margin-bottom:0;margin-left:0\">Alle Preise ohne USt. laut Kleinu.reg. (\u00a76Abs1Z27UStG)<\/p>\n\n\n\n<p class=\"has-small-font-size\" style=\"margin-top:0;margin-bottom:0\"><strong>Kontakt:<\/strong> office@kunstkartei.at<\/p>\n\n\n\n<p class=\"has-background-color has-text-color has-link-color wp-elements-495ce5d63551b092307b80bac097ed7c\">Das Tryptichon basiert auf einer Idee, die w\u00e4hrend der Komposition und Produktion des St\u00fccks \u201eBooby-Trapped Zauberschloss\u201c entstand. Das St\u00fcck weckte die Assoziation das Thema f\u00fcr ein Videospiel sein zu k\u00f6nnen und somit ist dieses Bild als eine erste visuelle Grundlage eines Jump &amp; Run-Spieles zu verstehen. In weiterer Folge wird es h\u00f6chstwahrscheinlich mit musikalischen Point &amp; Click-Elementen erweitert. Da das Musikst\u00fcck instrumental ist \u2013 zu finden auf der 3-Titel-Single \u201e2020\u201c von <em>WeinHara<\/em> &#8211; wurde der Prompt dieses Mal nicht durch einen Songtext bestimmt, sondern durch div. beschreibende Begriffe, aber die <a href=\"https:\/\/kunstkartei.at\/?page_id=173\">Cover-Illustration<\/a> der Single diente wieder als visuelle Grundlage zur Bild-Generierung mittels einer KI und ist auch rechts oben im Triptychon (3. Bild) zu sehen. Die Bildelemente wurden in einer Grafik-App weiter bearbeitet und collagiert und die roboterhafte Spielfigur wurde auf der Basis des Vitruvianischen Menschen von Leonardo da Vinci, so wie div. Text-Elemente selbst gestaltet. Hier auch noch ein Link zum <a href=\"https:\/\/weinhara.bandcamp.com\/track\/booby-trapped-zauberschloss\" target=\"_blank\" rel=\"noreferrer noopener\">Musikst\u00fcck<\/a>.<\/p>\n\n\n\n<hr class=\"wp-block-separator has-alpha-channel-opacity is-style-dots\"\/>\n\n\n\n<div style=\"height:25px\" aria-hidden=\"true\" class=\"wp-block-spacer\"><\/div>\n<\/div>\n\n\n\n<div class=\"wp-block-group is-layout-constrained wp-block-group-is-layout-constrained\">\n<figure class=\"wp-block-image aligncenter size-full is-resized\"><img loading=\"lazy\" decoding=\"async\" width=\"1080\" height=\"1080\" src=\"https:\/\/kunstkartei.at\/wp-content\/uploads\/2024\/06\/DROP_YOUR_PENNIES_ART_MARKET_-_FLYER.jpg\" alt=\"Drop Your Pennies Art Market Flyer\" class=\"wp-image-478\" style=\"width:400px\" srcset=\"https:\/\/kunstkartei.at\/wp-content\/uploads\/2024\/06\/DROP_YOUR_PENNIES_ART_MARKET_-_FLYER.jpg 1080w, https:\/\/kunstkartei.at\/wp-content\/uploads\/2024\/06\/DROP_YOUR_PENNIES_ART_MARKET_-_FLYER-300x300.jpg 300w, https:\/\/kunstkartei.at\/wp-content\/uploads\/2024\/06\/DROP_YOUR_PENNIES_ART_MARKET_-_FLYER-1024x1024.jpg 1024w, https:\/\/kunstkartei.at\/wp-content\/uploads\/2024\/06\/DROP_YOUR_PENNIES_ART_MARKET_-_FLYER-150x150.jpg 150w, https:\/\/kunstkartei.at\/wp-content\/uploads\/2024\/06\/DROP_YOUR_PENNIES_ART_MARKET_-_FLYER-768x768.jpg 768w\" sizes=\"auto, (max-width: 1080px) 100vw, 1080px\" \/><\/figure>\n\n\n\n<hr class=\"wp-block-separator has-alpha-channel-opacity is-style-dots\"\/>\n\n\n\n<div style=\"height:25px\" aria-hidden=\"true\" class=\"wp-block-spacer\"><\/div>\n<\/div>\n\n\n\n<div class=\"wp-block-group is-layout-constrained wp-block-group-is-layout-constrained\">\n<figure class=\"wp-block-image aligncenter size-full is-resized\"><img loading=\"lazy\" decoding=\"async\" width=\"940\" height=\"788\" src=\"https:\/\/kunstkartei.at\/wp-content\/uploads\/2024\/06\/1.jpg\" alt=\"1\" class=\"wp-image-473\" style=\"width:400px\" srcset=\"https:\/\/kunstkartei.at\/wp-content\/uploads\/2024\/06\/1.jpg 940w, https:\/\/kunstkartei.at\/wp-content\/uploads\/2024\/06\/1-300x251.jpg 300w, https:\/\/kunstkartei.at\/wp-content\/uploads\/2024\/06\/1-768x644.jpg 768w\" sizes=\"auto, (max-width: 940px) 100vw, 940px\" \/><\/figure>\n\n\n\n<hr class=\"wp-block-separator has-alpha-channel-opacity is-style-dots\"\/>\n\n\n\n<div style=\"height:25px\" aria-hidden=\"true\" class=\"wp-block-spacer\"><\/div>\n<\/div>\n\n\n\n<div class=\"wp-block-group is-layout-constrained wp-block-group-is-layout-constrained\">\n<figure class=\"wp-block-image size-full is-style-default\"><img loading=\"lazy\" decoding=\"async\" width=\"1418\" height=\"1418\" src=\"https:\/\/kunstkartei.at\/wp-content\/uploads\/2024\/05\/WEINHARA_-_BABY_ELEPHANT_CLUEDO_-_BILD-1.jpg\" alt=\"Weinhara Baby Elephant Cluedo Bild\" class=\"wp-image-458\" srcset=\"https:\/\/kunstkartei.at\/wp-content\/uploads\/2024\/05\/WEINHARA_-_BABY_ELEPHANT_CLUEDO_-_BILD-1.jpg 1418w, https:\/\/kunstkartei.at\/wp-content\/uploads\/2024\/05\/WEINHARA_-_BABY_ELEPHANT_CLUEDO_-_BILD-1-300x300.jpg 300w, https:\/\/kunstkartei.at\/wp-content\/uploads\/2024\/05\/WEINHARA_-_BABY_ELEPHANT_CLUEDO_-_BILD-1-1024x1024.jpg 1024w, https:\/\/kunstkartei.at\/wp-content\/uploads\/2024\/05\/WEINHARA_-_BABY_ELEPHANT_CLUEDO_-_BILD-1-150x150.jpg 150w, https:\/\/kunstkartei.at\/wp-content\/uploads\/2024\/05\/WEINHARA_-_BABY_ELEPHANT_CLUEDO_-_BILD-1-768x768.jpg 768w\" sizes=\"auto, (max-width: 1418px) 100vw, 1418px\" \/><\/figure>\n\n\n\n<p><strong>WeinHara &#8211; Babyel Elephant Cluedo &#8211; 15.03.2024<\/strong><\/p>\n\n\n\n<p class=\"has-small-font-size\" style=\"margin-right:0\">Digital-Collage, Faserstift, 1418 x 1418 px, 72 dpi<\/p>\n\n\n\n<p class=\"has-small-font-size\" style=\"margin-top:0\"><strong>Als Leinwanddruck: 50 x 50 cm, 300 dpi (nummeriert &amp; signiert)<\/strong><\/p>\n\n\n\n<p class=\"has-small-font-size\" style=\"margin-top:0;margin-bottom:0\"><strong>Preis: \u20ac 200,- (exkl. Verpackung und Transportkosten)<\/strong><\/p>\n\n\n\n<p class=\"has-small-font-size\" style=\"margin-top:var(--wp--preset--spacing--30);margin-right:0;margin-bottom:var(--wp--preset--spacing--30);margin-left:0\"><strong>Poster nur in Kombination mit \u201eWeinHara \u2013 Booby Trapped Zauberschloss\u201c &amp; \u201eWeinHara \u2013 2791972\u201c, 140 x 120 cm: \u20ac 160,-<\/strong><br>(Das Poster ist nicht nummeriert, die Signatur gedruckt)<\/p>\n\n\n\n<p class=\"has-small-font-size\" style=\"margin-top:0;margin-bottom:0\"><strong>Preise exkl. Verpackung und Transportkosten, Selbstabholung m\u00f6glich, in Wien liefere ich f\u00fcr einen Aufpreis von \u20ac 5,- gerne selbst.<\/strong><\/p>\n\n\n\n<p class=\"has-small-font-size\" style=\"margin-top:0;margin-right:0;margin-bottom:0;margin-left:0\">Alle Preise ohne USt. laut Kleinu.reg. (\u00a76Abs1Z27UStG)<\/p>\n\n\n\n<p class=\"has-small-font-size\" style=\"margin-top:0;margin-bottom:0\"><strong>Kontakt:<\/strong> office@kunstkartei.at<\/p>\n\n\n\n<p class=\"has-background-color has-text-color has-link-color wp-elements-6db6cbd5be36652094194b1251fe63f3\">Das Bild basiert auf dem Songtext zu \u201eBaby Elephant Cluedo\u201c, zu finden auf der 3-Titel-Single \u201e2020\u201c von <em>WeinHara<\/em>. Der Text besch\u00e4ftigt sich auf humorvolle Weise mit der Corona-Pandemie und einer skurrilen Kampagne der \u00f6sterreichischen Bundesregierung. Dieser diente als Prompt und die <a href=\"https:\/\/kunstkartei.at\/?page_id=173\">Cover-Illustration<\/a> der Single als visuelle Grundlage zur Bild-Generierung mittels einer KI. Nach der Auswahl der passendsten bildlichen Darstellungen des Inhaltes des Textes wurden diese in einer Grafik-App weiter bearbeitet und collagiert. Die Textteile, die kein ansprechendes Bildmaterial durch die KI ergaben, wurden handschriftlich in das Bild integriert. Hier auch noch ein Link zum <a href=\"https:\/\/weinhara.bandcamp.com\/track\/baby-elephant-cluedo\" target=\"_blank\" rel=\"noreferrer noopener\">Song<\/a>.<\/p>\n\n\n\n<hr class=\"wp-block-separator has-alpha-channel-opacity is-style-dots\"\/>\n\n\n\n<div style=\"height:25px\" aria-hidden=\"true\" class=\"wp-block-spacer\"><\/div>\n<\/div>\n\n\n\n<div class=\"wp-block-group is-layout-constrained wp-block-group-is-layout-constrained\">\n<figure class=\"wp-block-image aligncenter size-full is-resized\"><img loading=\"lazy\" decoding=\"async\" width=\"2048\" height=\"2048\" src=\"https:\/\/kunstkartei.at\/wp-content\/uploads\/2024\/06\/PHILIPP_MUeLLER_-_PART_OF_THE_ART_-_WEINHARA_2791972_-_BILDERSERIE-1.jpg\" alt=\"Philipp M\u00dcller Part Of The Art Weinhara 2791972 Bilderser\" class=\"wp-image-480\" style=\"width:400px\" srcset=\"https:\/\/kunstkartei.at\/wp-content\/uploads\/2024\/06\/PHILIPP_MUeLLER_-_PART_OF_THE_ART_-_WEINHARA_2791972_-_BILDERSERIE-1.jpg 2048w, https:\/\/kunstkartei.at\/wp-content\/uploads\/2024\/06\/PHILIPP_MUeLLER_-_PART_OF_THE_ART_-_WEINHARA_2791972_-_BILDERSERIE-1-300x300.jpg 300w, https:\/\/kunstkartei.at\/wp-content\/uploads\/2024\/06\/PHILIPP_MUeLLER_-_PART_OF_THE_ART_-_WEINHARA_2791972_-_BILDERSERIE-1-1024x1024.jpg 1024w, https:\/\/kunstkartei.at\/wp-content\/uploads\/2024\/06\/PHILIPP_MUeLLER_-_PART_OF_THE_ART_-_WEINHARA_2791972_-_BILDERSERIE-1-150x150.jpg 150w, https:\/\/kunstkartei.at\/wp-content\/uploads\/2024\/06\/PHILIPP_MUeLLER_-_PART_OF_THE_ART_-_WEINHARA_2791972_-_BILDERSERIE-1-768x768.jpg 768w, https:\/\/kunstkartei.at\/wp-content\/uploads\/2024\/06\/PHILIPP_MUeLLER_-_PART_OF_THE_ART_-_WEINHARA_2791972_-_BILDERSERIE-1-1536x1536.jpg 1536w\" sizes=\"auto, (max-width: 2048px) 100vw, 2048px\" \/><\/figure>\n\n\n\n<div style=\"height:25px\" aria-hidden=\"true\" class=\"wp-block-spacer\"><\/div>\n<\/div>\n\n\n\n<div class=\"wp-block-buttons is-content-justification-center is-layout-flex wp-container-core-buttons-is-layout-a89b3969 wp-block-buttons-is-layout-flex\">\n<div class=\"wp-block-button is-style-outline is-style-outline--1\"><a class=\"wp-block-button__link has-luminous-vivid-amber-color has-text-color has-link-color wp-element-button\" href=\"https:\/\/kunstkartei.at\/?page_id=408\">2023<\/a><\/div>\n<\/div>\n","protected":false},"excerpt":{"rendered":"<p>2024 In diesem Jahr wurde die Ausstellungsaktivit\u00e4t gesteigert. Inklusive eines Konzertes von WeinHara und der ersten Soloausstellung seit langer Zeit gab es in Summe 15 Veranstaltungstage. Philipp M\u00fcller zeigte Arbeiten aus den letzten f\u00fcnf Jahren. Aber auch Aktzeichnungen aus dem Jahr 2002 sind zu sehen, die eine Verbindung zu Udo Hohenberger, dem Betreiber des Showroom [&hellip;]<\/p>\n","protected":false},"author":1,"featured_media":0,"parent":0,"menu_order":0,"comment_status":"closed","ping_status":"closed","template":"","meta":{"slim_seo":{"title":"2024 - Kunstkartei","description":"2024 In diesem Jahr wurde die Ausstellungsaktivit\u00e4t gesteigert. Inklusive eines Konzertes von WeinHara und der ersten Soloausstellung seit langer Zeit gab es in"},"footnotes":""},"class_list":["post-587","page","type-page","status-publish","hentry"],"_links":{"self":[{"href":"https:\/\/kunstkartei.at\/index.php?rest_route=\/wp\/v2\/pages\/587","targetHints":{"allow":["GET"]}}],"collection":[{"href":"https:\/\/kunstkartei.at\/index.php?rest_route=\/wp\/v2\/pages"}],"about":[{"href":"https:\/\/kunstkartei.at\/index.php?rest_route=\/wp\/v2\/types\/page"}],"author":[{"embeddable":true,"href":"https:\/\/kunstkartei.at\/index.php?rest_route=\/wp\/v2\/users\/1"}],"replies":[{"embeddable":true,"href":"https:\/\/kunstkartei.at\/index.php?rest_route=%2Fwp%2Fv2%2Fcomments&post=587"}],"version-history":[{"count":6,"href":"https:\/\/kunstkartei.at\/index.php?rest_route=\/wp\/v2\/pages\/587\/revisions"}],"predecessor-version":[{"id":681,"href":"https:\/\/kunstkartei.at\/index.php?rest_route=\/wp\/v2\/pages\/587\/revisions\/681"}],"wp:attachment":[{"href":"https:\/\/kunstkartei.at\/index.php?rest_route=%2Fwp%2Fv2%2Fmedia&parent=587"}],"curies":[{"name":"wp","href":"https:\/\/api.w.org\/{rel}","templated":true}]}}